{"id":49,"date":"2016-05-18T14:54:11","date_gmt":"2016-05-18T14:54:11","guid":{"rendered":"http:\/\/viennavant.cloud.d2mc.com\/?page_id=49"},"modified":"2024-08-19T14:16:17","modified_gmt":"2024-08-19T14:16:17","slug":"verein","status":"publish","type":"page","link":"https:\/\/www.viennavant.at\/en\/verein\/","title":{"rendered":"Verein viennAvant"},"content":{"rendered":"<p>ViennAvant ist eine multidisziplin\u00e4re Arbeitsgruppe, die sich auf Initiative von Walter Rohn und Helga K\u00f6cher am 28.6.2005 im Institut f\u00fcr Stadt- und Regionalforschung der \u00d6sterreichischen Akademie der Wissenschaften konstituiert hat und sich die Erforschung und Bearbeitung der Wiener Avantgarden 1945 \u2013 1975 in verschiedenen Modulen zum Ziel setzt. Diese Module sind in dem in der Zeit von 1\/2006 \u2013 6\/2006 gemeinsam erarbeiteten Memorandum definiert worden:<br \/>\n\u2013 Interviewreihe<br \/>\n\u2013 Symposium und Symposiumsband<br \/>\n\u2013 Forschungsprojekte<br \/>\n\u2013 Ausstellung und Katalog<br \/>\n\u2013 Datenbank<\/p>\n<p>In einer Arbeitssitzung am 20.4.2006 hat sich die Gruppe f\u00fcr den Namen ViennAvant entschieden. Am 18.12.2006 hat sich ViennAvant als Verein zur Erforschung der Wiener Avantgarden konstituiert und sich am 26.4.2007 eine Gesch\u00e4ftsordnung gegeben. In einer Vorstandssitzung am 28.5.2009 wurde sie ge\u00e4ndert, um dem \u00fcber den Wiener Kontext hinaus erweiterten T\u00e4tigkeitsfeld von ViennAvant Rechnung zu tragen: Dieses umfasst nun \u00fcber eine integrative Erfassung, interdisziplin\u00e4re Aufarbeitung und Darstellung der Str\u00f6mungen der Wiener Avantgarden hinaus auch deren Vernetzungen und Querverbindungen mit den Nachkriegsavantgarden in \u00d6sterreich und des gesamteurop\u00e4ischen Raums sowie der entsprechenden kunst- und kulturwissenschaftlichen Diskurse.<\/p>\n<p><strong>Vorstand<\/strong><br \/>\nDer Vorstand ViennAvant besteht derzeit aus<\/p>\n<p>Obmann:<br \/>\nDoz. Dr. Christoph Leitgeb, \u00d6sterreichische Akademie der Wissenschaften\/Institut f\u00fcr Kulturwissenschaften und Theatergeschichte<\/p>\n<p>Obmannstellvertreterin:<br \/>\nDr. Elisabeth Gro\u00dfegger, \u00d6sterreichische Akademie der Wissenschaften\/ Institut f\u00fcr Kulturwissenschaften und Theatergeschichte<\/p>\n<p>Schriftf\u00fchrerin:<br \/>\nHelga K\u00f6cher, Projektmanagement, Social Arts<\/p>\n<p>Schriftf\u00fchrerinstellvertreter:<br \/>\nMag. Marcello Farabegoli, Kurator<\/p>\n<p>Kassierin:<br \/>\nJohanna Wagner<\/p>\n<p>Kassierstellvertreterin:<br \/>\nderzeit nicht besetzt<\/p>\n<p>Board<br \/>\nDer Aufbau eines international verorteten Boards ist in Planung.<br \/>\nViennAvant \u2013 Verein zur Erforschung der Wiener Avantgarden<\/p>\n<p><strong>Postadresse:<\/strong><br \/>\n1040 Wien, Operngasse 20A<br \/>\nz.Hd. Helga K\u00f6cher<br \/>\nE-Mail: helga.koecher@chello.at<br \/>\nTel.: +43 676 4928275<\/p>\n<p><strong>ZVR-Zahl<\/strong><br \/>\n206054114<\/p>\n<p><strong>Bankverbindung:<\/strong><br \/>\nSPARDA-Bank, BLZ 14 900, Kto-Nr. 22010039642<br \/>\nltd. auf \u201cViennAvant \u2013 Verein zur Erforschung der Wiener Avantgarden\u201d<br \/>\nIBAN: AT331490022010039642 BIC: SPADATW1<\/p>\n<p>Gef\u00f6rdert von der Kulturabteilung der Stadt Wien\u00a0<img loading=\"lazy\" decoding=\"async\" class=\"alignnone wp-image-1281 size-full\" src=\"http:\/\/www.viennavant.at\/wp-content\/uploads\/wienkultur.jpg\" alt=\"wienkultur\" width=\"60\" height=\"31\" \/><\/p>\n","protected":false},"excerpt":{"rendered":"<p>ViennAvant ist eine multidisziplin\u00e4re Arbeitsgruppe, die sich auf Initiative von Walter Rohn und Helga K\u00f6cher am 28.6.2005 im Institut f\u00fcr Stadt- und Regionalforschung der \u00d6sterreichischen Akademie der Wissenschaften konstituiert hat und sich die Erforschung und Bearbeitung der Wiener Avantgarden 1945 \u2013 1975 in verschiedenen Modulen zum Ziel setzt. Diese Module sind in dem in der &hellip; <a href=\"https:\/\/www.viennavant.at\/en\/verein\/\" class=\"more-link\">Continue reading <span class=\"screen-reader-text\">Verein viennAvant<\/span><\/a><\/p>\n","protected":false},"author":1,"featured_media":0,"parent":0,"menu_order":11,"comment_status":"closed","ping_status":"closed","template":"","meta":{"footnotes":""},"class_list":["post-49","page","type-page","status-publish","hentry"],"translation":{"provider":"WPGlobus","version":"3.0.2","language":"en","enabled_languages":["de","en"],"languages":{"de":{"title":true,"content":true,"excerpt":false},"en":{"title":false,"content":false,"excerpt":false}}},"_links":{"self":[{"href":"https:\/\/www.viennavant.at\/en\/wp-json\/wp\/v2\/pages\/49","targetHints":{"allow":["GET"]}}],"collection":[{"href":"https:\/\/www.viennavant.at\/en\/wp-json\/wp\/v2\/pages"}],"about":[{"href":"https:\/\/www.viennavant.at\/en\/wp-json\/wp\/v2\/types\/page"}],"author":[{"embeddable":true,"href":"https:\/\/www.viennavant.at\/en\/wp-json\/wp\/v2\/users\/1"}],"replies":[{"embeddable":true,"href":"https:\/\/www.viennavant.at\/en\/wp-json\/wp\/v2\/comments?post=49"}],"version-history":[{"count":6,"href":"https:\/\/www.viennavant.at\/en\/wp-json\/wp\/v2\/pages\/49\/revisions"}],"predecessor-version":[{"id":4824,"href":"https:\/\/www.viennavant.at\/en\/wp-json\/wp\/v2\/pages\/49\/revisions\/4824"}],"wp:attachment":[{"href":"https:\/\/www.viennavant.at\/en\/wp-json\/wp\/v2\/media?parent=49"}],"curies":[{"name":"wp","href":"https:\/\/api.w.org\/{rel}","templated":true}]}}