{"id":2494,"date":"2016-12-19T11:29:17","date_gmt":"2016-12-19T11:29:17","guid":{"rendered":"http:\/\/viennavant.cloud.d2mc.com\/?page_id=2494"},"modified":"2016-12-19T11:49:15","modified_gmt":"2016-12-19T11:49:15","slug":"archivgespraeche-2015","status":"publish","type":"page","link":"https:\/\/www.viennavant.at\/en\/interdisziplinaerer-diskurs\/archivgespraeche\/archivgespraeche-2015\/","title":{"rendered":"Archivgespr\u00e4che 2015"},"content":{"rendered":"<h2><a href=\"https:\/\/www.mumok.at\/de\/ausstellungen-veranstaltungen\">Im mumok<\/a><\/h2>\n<p>Fotocredits:<br \/>\nAusstellungsansichten \u00a9 Laurent Ziegler<br \/>\nGruppenfotos @ Helga K\u00f6cher<\/p>\n<p>Von M\u00e4rz bis August 2015 zeigte das mumok seinen Sammlungsschwerpunkt Wiener Aktionismus im Kontext der internationalen Entwicklungen performativer Kunst. W\u00e4hrend die bisherigen Pr\u00e4sentationen im mumok stets die bildhaften Artefakte der Hauptvertreter des Wiener Aktionismus einbezogen, lag der Fokus bei dieser Pr\u00e4sentation auf den performativen Aspekten ihres Schaffens.<\/p>\n<p>Am 26. Juni 2015 f\u00fchrte Eva Badura-Triska durch die von ihr kuratierte Ausstellung <a href=\"https:\/\/www.mumok.at\/de\/events\/mein-koerper-ist-das-ereignis\">Mein K\u00f6rper ist das Ereignis. Wiener Aktionismus und internationale Performance<\/a>. 15 Mitglieder des ViennAvant-Netzwerks, zwei Studierende und 4 weitere G\u00e4ste haben teilgenommen.<\/p>\n<p><a href=\"http:\/\/www.viennavant.at\/wp-content\/uploads\/mumok158.jpg\" target=\"_blank\"><img loading=\"lazy\" decoding=\"async\" class=\"alignnone wp-image-1096\" src=\"http:\/\/www.viennavant.at\/wp-content\/uploads\/mumok158-300x199.jpg\" width=\"430\" height=\"285\" srcset=\"https:\/\/www.viennavant.at\/wp-content\/uploads\/mumok158-300x199.jpg 300w, https:\/\/www.viennavant.at\/wp-content\/uploads\/mumok158-1024x679.jpg 1024w, https:\/\/www.viennavant.at\/wp-content\/uploads\/mumok158.jpg 1628w\" sizes=\"auto, (max-width: 430px) 100vw, 430px\" \/><\/a><\/p>\n<p><a href=\"http:\/\/www.viennavant.at\/wp-content\/uploads\/mumok1510.jpg\" target=\"_blank\"><img loading=\"lazy\" decoding=\"async\" class=\"alignnone wp-image-1097\" src=\"http:\/\/www.viennavant.at\/wp-content\/uploads\/mumok1510-300x200.jpg\" width=\"430\" height=\"287\" srcset=\"https:\/\/www.viennavant.at\/wp-content\/uploads\/mumok1510-300x200.jpg 300w, https:\/\/www.viennavant.at\/wp-content\/uploads\/mumok1510-272x182.jpg 272w, https:\/\/www.viennavant.at\/wp-content\/uploads\/mumok1510.jpg 612w\" sizes=\"auto, (max-width: 430px) 100vw, 430px\" \/><\/a><\/p>\n<p><a href=\"http:\/\/www.viennavant.at\/wp-content\/uploads\/mumok1511.jpg\" target=\"_blank\"><img loading=\"lazy\" decoding=\"async\" class=\"alignnone wp-image-1098\" src=\"http:\/\/www.viennavant.at\/wp-content\/uploads\/mumok1511-300x200.jpg\" width=\"430\" height=\"287\" srcset=\"https:\/\/www.viennavant.at\/wp-content\/uploads\/mumok1511-300x200.jpg 300w, https:\/\/www.viennavant.at\/wp-content\/uploads\/mumok1511-272x182.jpg 272w, https:\/\/www.viennavant.at\/wp-content\/uploads\/mumok1511.jpg 612w\" sizes=\"auto, (max-width: 430px) 100vw, 430px\" \/><\/a><br \/>\nDen Aktionen von G\u00fcnter Brus, Otto Muehl, Hermann Nitsch und Rudolf Schwarzkogler wurden Arbeiten wichtiger internationaler Protagonist_innen der Performancekunst gegen\u00fcbergestellt \u2013 darunter Werke von Marina Abramovic, Joseph Beuys, Chris Burden, Ion Grigorescu, Shigeko Kubota, Paul McCarthy, Ana Mendieta, Bruce Nauman, Yoko Ono, Gina Pane, Ne\u0161a Paripovic, Ewa Partum, Carolee Schneemann oder von <span class=\"caps\">VALIE<\/span> <span class=\"caps\">EXPORT<\/span>.<\/p>\n<p><span class=\"image large\"> <a href=\"http:\/\/www.viennavant.at\/wp-content\/uploads\/mumok154.jpg\" target=\"_blank\"><img loading=\"lazy\" decoding=\"async\" class=\"alignnone wp-image-1092\" src=\"http:\/\/www.viennavant.at\/wp-content\/uploads\/mumok154-300x199.jpg\" width=\"430\" height=\"285\" srcset=\"https:\/\/www.viennavant.at\/wp-content\/uploads\/mumok154-300x199.jpg 300w, https:\/\/www.viennavant.at\/wp-content\/uploads\/mumok154-1024x679.jpg 1024w, https:\/\/www.viennavant.at\/wp-content\/uploads\/mumok154.jpg 1628w\" sizes=\"auto, (max-width: 430px) 100vw, 430px\" \/><\/a><\/span><\/p>\n<p><span class=\"image large\"> <a href=\"http:\/\/www.viennavant.at\/wp-content\/uploads\/mumok155.jpg\" target=\"_blank\"><img loading=\"lazy\" decoding=\"async\" class=\"alignnone wp-image-1093\" src=\"http:\/\/www.viennavant.at\/wp-content\/uploads\/mumok155-300x199.jpg\" width=\"430\" height=\"285\" srcset=\"https:\/\/www.viennavant.at\/wp-content\/uploads\/mumok155-300x199.jpg 300w, https:\/\/www.viennavant.at\/wp-content\/uploads\/mumok155-1024x679.jpg 1024w, https:\/\/www.viennavant.at\/wp-content\/uploads\/mumok155.jpg 1628w\" sizes=\"auto, (max-width: 430px) 100vw, 430px\" \/><\/a><\/span><\/p>\n<p><span class=\"image large\"> <a href=\"http:\/\/www.viennavant.at\/wp-content\/uploads\/mumok1512.jpg\" target=\"_blank\"><img loading=\"lazy\" decoding=\"async\" class=\"alignnone wp-image-1099\" src=\"http:\/\/www.viennavant.at\/wp-content\/uploads\/mumok1512-300x200.jpg\" width=\"430\" height=\"286\" srcset=\"https:\/\/www.viennavant.at\/wp-content\/uploads\/mumok1512-300x200.jpg 300w, https:\/\/www.viennavant.at\/wp-content\/uploads\/mumok1512-272x182.jpg 272w, https:\/\/www.viennavant.at\/wp-content\/uploads\/mumok1512.jpg 612w\" sizes=\"auto, (max-width: 430px) 100vw, 430px\" \/><\/a><\/span><\/p>\n<p><span class=\"image large\"> <a href=\"http:\/\/www.viennavant.at\/wp-content\/uploads\/mumok1513.jpg\" target=\"_blank\"><img loading=\"lazy\" decoding=\"async\" class=\"alignnone wp-image-1100\" src=\"http:\/\/www.viennavant.at\/wp-content\/uploads\/mumok1513-300x200.jpg\" width=\"430\" height=\"287\" srcset=\"https:\/\/www.viennavant.at\/wp-content\/uploads\/mumok1513-300x200.jpg 300w, https:\/\/www.viennavant.at\/wp-content\/uploads\/mumok1513-272x182.jpg 272w, https:\/\/www.viennavant.at\/wp-content\/uploads\/mumok1513.jpg 612w\" sizes=\"auto, (max-width: 430px) 100vw, 430px\" \/><\/a><\/span><\/p>\n<p>Untergliedert in mehrere Themenbereiche, verfolgte die Ausstellung Fragestellungen, welche generell weite Teile der Aktionskunst der 1960er- und 1970er-Jahre bestimmten. Im Spiegel internationaler Parallelerscheinungen wurde deutlich, dass die Wiener K\u00fcnstler nicht nur auf der H\u00f6he ihrer Zeit standen, sondern in mehrfacher Hinsicht Vorreiterpositionen einnahmen.<\/p>\n<p><a href=\"http:\/\/www.viennavant.at\/wp-content\/uploads\/mumok1515.jpg\" target=\"_blank\"><img loading=\"lazy\" decoding=\"async\" class=\"alignnone wp-image-1102\" src=\"http:\/\/www.viennavant.at\/wp-content\/uploads\/mumok1515-300x200.jpg\" width=\"430\" height=\"287\" srcset=\"https:\/\/www.viennavant.at\/wp-content\/uploads\/mumok1515-300x200.jpg 300w, https:\/\/www.viennavant.at\/wp-content\/uploads\/mumok1515-272x182.jpg 272w, https:\/\/www.viennavant.at\/wp-content\/uploads\/mumok1515.jpg 612w\" sizes=\"auto, (max-width: 430px) 100vw, 430px\" \/><\/a><\/p>\n<p><a href=\"http:\/\/www.viennavant.at\/wp-content\/uploads\/mumok1516.jpg\" target=\"_blank\"><img loading=\"lazy\" decoding=\"async\" class=\"alignnone wp-image-1103\" src=\"http:\/\/www.viennavant.at\/wp-content\/uploads\/mumok1516-300x200.jpg\" width=\"430\" height=\"287\" srcset=\"https:\/\/www.viennavant.at\/wp-content\/uploads\/mumok1516-300x200.jpg 300w, https:\/\/www.viennavant.at\/wp-content\/uploads\/mumok1516-272x182.jpg 272w, https:\/\/www.viennavant.at\/wp-content\/uploads\/mumok1516.jpg 612w\" sizes=\"auto, (max-width: 430px) 100vw, 430px\" \/><\/a><\/p>\n<p><a href=\"http:\/\/www.viennavant.at\/wp-content\/uploads\/mumok156.jpg\" target=\"_blank\"><img loading=\"lazy\" decoding=\"async\" class=\"alignnone wp-image-1094\" src=\"http:\/\/www.viennavant.at\/wp-content\/uploads\/mumok156-300x199.jpg\" width=\"430\" height=\"285\" srcset=\"https:\/\/www.viennavant.at\/wp-content\/uploads\/mumok156-300x199.jpg 300w, https:\/\/www.viennavant.at\/wp-content\/uploads\/mumok156-1024x679.jpg 1024w, https:\/\/www.viennavant.at\/wp-content\/uploads\/mumok156.jpg 1628w\" sizes=\"auto, (max-width: 430px) 100vw, 430px\" \/><\/a><\/p>\n<p><a href=\"http:\/\/www.viennavant.at\/wp-content\/uploads\/mumok151.jpg\" target=\"_blank\"><img loading=\"lazy\" decoding=\"async\" class=\"alignnone wp-image-1089\" src=\"http:\/\/www.viennavant.at\/wp-content\/uploads\/mumok151-300x199.jpg\" width=\"430\" height=\"285\" srcset=\"https:\/\/www.viennavant.at\/wp-content\/uploads\/mumok151-300x199.jpg 300w, https:\/\/www.viennavant.at\/wp-content\/uploads\/mumok151-1024x679.jpg 1024w, https:\/\/www.viennavant.at\/wp-content\/uploads\/mumok151.jpg 1628w\" sizes=\"auto, (max-width: 430px) 100vw, 430px\" \/><\/a><\/p>\n<p><a href=\"http:\/\/www.viennavant.at\/wp-content\/uploads\/mumok153.jpg\" target=\"_blank\"><img loading=\"lazy\" decoding=\"async\" class=\"alignnone wp-image-1091\" src=\"http:\/\/www.viennavant.at\/wp-content\/uploads\/mumok153-300x199.jpg\" width=\"430\" height=\"285\" srcset=\"https:\/\/www.viennavant.at\/wp-content\/uploads\/mumok153-300x199.jpg 300w, https:\/\/www.viennavant.at\/wp-content\/uploads\/mumok153-1024x679.jpg 1024w, https:\/\/www.viennavant.at\/wp-content\/uploads\/mumok153.jpg 1628w\" sizes=\"auto, (max-width: 430px) 100vw, 430px\" \/><\/a><\/p>\n<p><a href=\"http:\/\/www.viennavant.at\/wp-content\/uploads\/mumok152.jpg\" target=\"_blank\"><img loading=\"lazy\" decoding=\"async\" class=\"alignnone wp-image-1090\" src=\"http:\/\/www.viennavant.at\/wp-content\/uploads\/mumok152-300x199.jpg\" width=\"430\" height=\"285\" srcset=\"https:\/\/www.viennavant.at\/wp-content\/uploads\/mumok152-300x199.jpg 300w, https:\/\/www.viennavant.at\/wp-content\/uploads\/mumok152-1024x679.jpg 1024w, https:\/\/www.viennavant.at\/wp-content\/uploads\/mumok152.jpg 1628w\" sizes=\"auto, (max-width: 430px) 100vw, 430px\" \/><\/a><\/p>\n<p>Im Gespr\u00e4ch mit Kuratorin Eva Badura-Triska wurde der Wiener Aktionismus vor dem gesellschaftlichen Hintergrund \u00d6sterreichs in der Nachkriegszeit diskutiert.<\/p>\n<p><span class=\"image large\"> <a href=\"http:\/\/www.viennavant.at\/wp-content\/uploads\/mumok157.jpg\" target=\"_blank\"><img loading=\"lazy\" decoding=\"async\" class=\"alignnone wp-image-1095\" src=\"http:\/\/www.viennavant.at\/wp-content\/uploads\/mumok157-300x199.jpg\" width=\"430\" height=\"285\" srcset=\"https:\/\/www.viennavant.at\/wp-content\/uploads\/mumok157-300x199.jpg 300w, https:\/\/www.viennavant.at\/wp-content\/uploads\/mumok157-1024x679.jpg 1024w, https:\/\/www.viennavant.at\/wp-content\/uploads\/mumok157.jpg 1628w\" sizes=\"auto, (max-width: 430px) 100vw, 430px\" \/><\/a><\/span><\/p>\n<p>In der Ausstellung wurden dar\u00fcber hinaus internationale Vernetzungen und Varianten der Performance- und Aktionskunst aufgezeigt, zudem hat man sich auch n\u00e4her mit der Rolle von K\u00fcnstlerinnen in der m\u00e4nnlich dominierten Kunstszene der 1960er-Jahre befasst.<\/p>\n<p><span class=\"image large\"> <a href=\"http:\/\/www.viennavant.at\/wp-content\/uploads\/mumok1514.jpg\" target=\"_blank\"><img loading=\"lazy\" decoding=\"async\" class=\"alignnone wp-image-1101\" src=\"http:\/\/www.viennavant.at\/wp-content\/uploads\/mumok1514-300x200.jpg\" width=\"430\" height=\"287\" srcset=\"https:\/\/www.viennavant.at\/wp-content\/uploads\/mumok1514-300x200.jpg 300w, https:\/\/www.viennavant.at\/wp-content\/uploads\/mumok1514-272x182.jpg 272w, https:\/\/www.viennavant.at\/wp-content\/uploads\/mumok1514.jpg 612w\" sizes=\"auto, (max-width: 430px) 100vw, 430px\" \/><\/a><\/span><\/p>\n","protected":false},"excerpt":{"rendered":"<p>Im mumok Fotocredits: Ausstellungsansichten \u00a9 Laurent Ziegler Gruppenfotos @ Helga K\u00f6cher Von M\u00e4rz bis August 2015 zeigte das mumok seinen Sammlungsschwerpunkt Wiener Aktionismus im Kontext der internationalen Entwicklungen performativer Kunst. W\u00e4hrend die bisherigen Pr\u00e4sentationen im mumok stets die bildhaften Artefakte der Hauptvertreter des Wiener Aktionismus einbezogen, lag der Fokus bei dieser Pr\u00e4sentation auf den performativen &hellip; <a href=\"https:\/\/www.viennavant.at\/en\/interdisziplinaerer-diskurs\/archivgespraeche\/archivgespraeche-2015\/\" class=\"more-link\">Continue reading <span class=\"screen-reader-text\">Archivgespr\u00e4che 2015<\/span><\/a><\/p>\n","protected":false},"author":1,"featured_media":0,"parent":2490,"menu_order":0,"comment_status":"closed","ping_status":"closed","template":"","meta":{"footnotes":""},"class_list":["post-2494","page","type-page","status-publish","hentry"],"translation":{"provider":"WPGlobus","version":"3.0.2","language":"en","enabled_languages":["de","en"],"languages":{"de":{"title":true,"content":true,"excerpt":false},"en":{"title":false,"content":false,"excerpt":false}}},"_links":{"self":[{"href":"https:\/\/www.viennavant.at\/en\/wp-json\/wp\/v2\/pages\/2494","targetHints":{"allow":["GET"]}}],"collection":[{"href":"https:\/\/www.viennavant.at\/en\/wp-json\/wp\/v2\/pages"}],"about":[{"href":"https:\/\/www.viennavant.at\/en\/wp-json\/wp\/v2\/types\/page"}],"author":[{"embeddable":true,"href":"https:\/\/www.viennavant.at\/en\/wp-json\/wp\/v2\/users\/1"}],"replies":[{"embeddable":true,"href":"https:\/\/www.viennavant.at\/en\/wp-json\/wp\/v2\/comments?post=2494"}],"version-history":[{"count":0,"href":"https:\/\/www.viennavant.at\/en\/wp-json\/wp\/v2\/pages\/2494\/revisions"}],"up":[{"embeddable":true,"href":"https:\/\/www.viennavant.at\/en\/wp-json\/wp\/v2\/pages\/2490"}],"wp:attachment":[{"href":"https:\/\/www.viennavant.at\/en\/wp-json\/wp\/v2\/media?parent=2494"}],"curies":[{"name":"wp","href":"https:\/\/api.w.org\/{rel}","templated":true}]}}