{"id":2490,"date":"2016-12-19T11:27:09","date_gmt":"2016-12-19T11:27:09","guid":{"rendered":"http:\/\/viennavant.cloud.d2mc.com\/?page_id=2490"},"modified":"2016-12-19T11:28:05","modified_gmt":"2016-12-19T11:28:05","slug":"archivgespraeche","status":"publish","type":"page","link":"https:\/\/www.viennavant.at\/en\/interdisziplinaerer-diskurs\/archivgespraeche\/","title":{"rendered":"Archivgespr\u00e4che"},"content":{"rendered":"<p>Universit\u00e4re und au\u00dferuniversit\u00e4re Forschungseinrichtungen, die in einer Partnerschaft stehen, laden die Mitglieder von viennAvant zu Archivgespr\u00e4chen ein. Dabei k\u00f6nnen die Forscherinnen und Forscher der verschiedensten Disziplinen das jeweilige Archiv eingehend besichtigen und haben Gelegenheit, inhaltliche wie methodischen Fragen mit den verantwortlichen KuratorInnen zu diskutieren.<\/p>\n","protected":false},"excerpt":{"rendered":"<p>Universit\u00e4re und au\u00dferuniversit\u00e4re Forschungseinrichtungen, die in einer Partnerschaft stehen, laden die Mitglieder von viennAvant zu Archivgespr\u00e4chen ein. Dabei k\u00f6nnen die Forscherinnen und Forscher der verschiedensten Disziplinen das jeweilige Archiv eingehend besichtigen und haben Gelegenheit, inhaltliche wie methodischen Fragen mit den verantwortlichen KuratorInnen zu diskutieren.<\/p>\n","protected":false},"author":1,"featured_media":0,"parent":1989,"menu_order":0,"comment_status":"closed","ping_status":"closed","template":"","meta":{"footnotes":""},"class_list":["post-2490","page","type-page","status-publish","hentry"],"translation":{"provider":"WPGlobus","version":"3.0.2","language":"en","enabled_languages":["de","en"],"languages":{"de":{"title":true,"content":true,"excerpt":false},"en":{"title":false,"content":false,"excerpt":false}}},"_links":{"self":[{"href":"https:\/\/www.viennavant.at\/en\/wp-json\/wp\/v2\/pages\/2490","targetHints":{"allow":["GET"]}}],"collection":[{"href":"https:\/\/www.viennavant.at\/en\/wp-json\/wp\/v2\/pages"}],"about":[{"href":"https:\/\/www.viennavant.at\/en\/wp-json\/wp\/v2\/types\/page"}],"author":[{"embeddable":true,"href":"https:\/\/www.viennavant.at\/en\/wp-json\/wp\/v2\/users\/1"}],"replies":[{"embeddable":true,"href":"https:\/\/www.viennavant.at\/en\/wp-json\/wp\/v2\/comments?post=2490"}],"version-history":[{"count":1,"href":"https:\/\/www.viennavant.at\/en\/wp-json\/wp\/v2\/pages\/2490\/revisions"}],"predecessor-version":[{"id":4654,"href":"https:\/\/www.viennavant.at\/en\/wp-json\/wp\/v2\/pages\/2490\/revisions\/4654"}],"up":[{"embeddable":true,"href":"https:\/\/www.viennavant.at\/en\/wp-json\/wp\/v2\/pages\/1989"}],"wp:attachment":[{"href":"https:\/\/www.viennavant.at\/en\/wp-json\/wp\/v2\/media?parent=2490"}],"curies":[{"name":"wp","href":"https:\/\/api.w.org\/{rel}","templated":true}]}}