{"id":2265,"date":"2016-12-14T12:36:48","date_gmt":"2016-12-14T12:36:48","guid":{"rendered":"http:\/\/viennavant.cloud.d2mc.com\/?page_id=2265"},"modified":"2016-12-15T12:36:13","modified_gmt":"2016-12-15T12:36:13","slug":"programm-symposium","status":"publish","type":"page","link":"https:\/\/www.viennavant.at\/en\/symposium-teststrecke-kunst-wiener-avantgarden-nach-1945\/programm-symposium\/","title":{"rendered":"Programm Symposium"},"content":{"rendered":"<div id=\"main\">\n<div id=\"content\">\n<div id=\"contentMain\">\n<h2>\u201eTeststrecke Kunst. Wiener Avantgarden nach 1945\u201c<\/h2>\n<h2>21. \u2013 23. Oktober 2009<\/h2>\n<h3>\u00d6sterreichische Akademie der Wissenschaften, Theatersaal<\/h3>\n<h3>1010 Wien, Sonnenfelsgasse 19<\/h3>\n<\/div>\n<\/div>\n<\/div>\n<h3>Mi., 21<a href=\"http:\/\/www.viennavant.at\/wp-content\/uploads\/Roessner1.jpg\" target=\"_blank\"><img loading=\"lazy\" decoding=\"async\" class=\"wp-image-1172 size-medium alignleft\" src=\"http:\/\/www.viennavant.at\/wp-content\/uploads\/Roessner1-200x300.jpg\" width=\"200\" height=\"300\" srcset=\"https:\/\/www.viennavant.at\/wp-content\/uploads\/Roessner1-200x300.jpg 200w, https:\/\/www.viennavant.at\/wp-content\/uploads\/Roessner1-683x1024.jpg 683w, https:\/\/www.viennavant.at\/wp-content\/uploads\/Roessner1.jpg 1024w\" sizes=\"auto, (max-width: 200px) 100vw, 200px\" \/><\/a>. Okt. 2009<\/h3>\n<p><strong>9:00 Begr\u00fc\u00dfung:<\/strong><\/p>\n<p>Michael R\u00f6ssner<br \/>\nHubert Christian Ehalt<br \/>\nManfred M\u00fcller<\/p>\n<p>&nbsp;<\/p>\n<p>&nbsp;<\/p>\n<p><strong>9:30 Panelblock \u201eWiener Grund\u201c<\/strong><\/p>\n<p><a href=\"http:\/\/www.viennavant.at\/?page_id=2424\">Siegfried Mattl: Modernismus, Avantgarde und Lokalit\u00e4t. Wien in den Zeiten der M\u00e4\u00dfigung nach 1945<\/a><\/p>\n<p><a href=\"http:\/\/www.viennavant.at\/?page_id=2426\">Walter Rohn: Auf engem Raum \u2013 Orte und Netzwerke der Wiener Kunstavantgarde nach 1945<\/a><\/p>\n<p>10:30 \u2013 11:00 Kaffeepause<\/p>\n<p><a href=\"http:\/\/www.viennavant.at\/?page_id=2428\">Manfred M\u00fcller: Der Grund der literarischen Avantgarde<\/a><\/p>\n<p><a href=\"http:\/\/www.viennavant.at\/?page_id=2430\">Daniel Ender: Zur Orientierung, Positionierung und Etablierung zeitgen\u00f6ssischen Komponierens in Wien 1945\u201375<\/a><\/p>\n<p><a href=\"http:\/\/www.viennavant.at\/?page_id=2432\">Andreas Felber: Der konservative Stimulus. Die Bedeutung gesellschaftlicher Reibungsenergien f\u00fcr Entstehung und Selbstverst\u00e4ndnis der Wiener Free-Jazz-Avantgarde<\/a><\/p>\n<p>12:30 Mittagspause<\/p>\n<p><strong>14:00 Panelblock \u201eGrenz\u00fcberschreitungen\u201c<\/strong><\/p>\n<p><a href=\"http:\/\/www.viennavant.at\/?page_id=2415\">Verena Krieger: \u00dcber welche Grenze \u2013 wohin? Nitsch vs. Export<\/a><\/p>\n<p>15:00 \u2013 15:30 Kaffeepause<\/p>\n<p><a href=\"http:\/\/www.viennavant.at\/?page_id=2417\">Rudolf Kohoutek: Tausche Haus gegen Text oder Aktion. Avantgardismen in der Wiener Architektur 1955\u201370<\/a><\/p>\n<p><a href=\"http:\/\/www.viennavant.at\/?page_id=2419\">Elke Krasny: Avantgarde exklusiv. Avantgarde inklusiv.<br \/>\nOrientierungen in den Imaginationsgeh\u00e4usen<\/a><\/p>\n<h3>19:00 Rathaus, Wappensaal:<\/h3>\n<h3>Wiener Vorlesung<\/h3>\n<p><strong>\u201cAvantgarde \u2013 Epoche, Prinzip, Aktualit\u00e4t?\u201d<\/strong><\/p>\n<p>Statements von:<\/p>\n<p>Stella Rollig<br \/>\nMichael Rohrwasser<br \/>\nManfred Wagner<br \/>\nHelga K\u00f6cher<\/p>\n<p><a href=\"http:\/\/www.wien.gv.at\/kultur\/abteilung\/vorlesungen\/termine\/2009\/avantgarde-21-10.html\">Mehr zu dieser Wiener Vorlesung<\/a><\/p>\n<h3>Do., 22. Okt. 2009<\/h3>\n<p><strong>9:15 Panelblock \u201eK\u00f6rper und Medium\u201c<\/strong><\/p>\n<p><a href=\"http:\/\/www.viennavant.at\/?page_id=2402\">Johanna Schwanberg: K\u00f6rper als Zeichentr\u00e4ger<\/a><\/p>\n<p><a href=\"http:\/\/www.viennavant.at\/?page_id=2404\">Gabriele Jutz: Der K\u00f6rper des Films<\/a><\/p>\n<p>10:30 \u2013 11:00 Kaffeepause<\/p>\n<p><a href=\"http:\/\/www.viennavant.at\/?page_id=2406\">August Ruhs: K\u00f6rperbearbeitungen<\/a><\/p>\n<p><a href=\"http:\/\/www.viennavant.at\/?page_id=2408\">Brigitte Borchhardt-Birbaumer: Aus der Stille handelnd intervenieren. Aktionistinnen in Wien<\/a><\/p>\n<p>12:30 Mittagspause<\/p>\n<p><strong>14:00 Panelblock \u201eArbeit an der Form\u201c<\/strong><\/p>\n<p><a href=\"http:\/\/www.viennavant.at\/?page_id=2390\">Dieter Bogner: Das Wesen der Dinge liegt im Intervall<\/a><\/p>\n<p><a href=\"http:\/\/www.viennavant.at\/?page_id=2392\">Thomas Sch\u00e4fer: Notation \u2013 Form \u2013 Material. Anmerkungen zu Roman Haubenstock-Ramatis Komponieren der 1960er Jahre<\/a><\/p>\n<p>15:00 \u2013 15:30 Kaffeepause<\/p>\n<p><a href=\"http:\/\/www.viennavant.at\/?page_id=2394\">Thomas Eder: Von den Formen zu den Inhalten. Oswald Wieners Weg von der \u201everbesserung von mitteleuropa\u201c zu Introspektion, Vorstellungsbildern und Denkpsychologie \u2013 Paradigma oder Sonderfall der Nachkriegsavantgarden?<\/a><\/p>\n<p><a href=\"http:\/\/www.viennavant.at\/?page_id=2396\">Bernhard Steger: Das utopische Potential des Bauens.<br \/>\nKonrad Wachsmann und die \u00f6sterreichische Nachkriegsavantgarde<\/a><\/p>\n<h3>Fr., 23. Okt. 2009<\/h3>\n<p><strong>9:30 Panelblock \u201ePolitik der Wiener Avantgarden\u201c<\/strong><\/p>\n<p><a href=\"http:\/\/www.viennavant.at\/?page_id=2360\">Irene Suchy: Zur\u00fcckgebliebene, Spie\u00dfer, Befangene, Neoprimitivisten<\/a><\/p>\n<p><a href=\"http:\/\/www.viennavant.at\/?page_id=2364\">Evelyn Deutsch-Schreiner: \u2018scheissen und brunzen sind kunsten\u2019. Performative Provokations\u00e4sthetiken der Wiener Gruppe<\/a><\/p>\n<p>10:30 \u2013 11:00 Kaffeepause<\/p>\n<p><a href=\"http:\/\/www.viennavant.at\/?page_id=2382\">Diedrich Diederichsen: Gegen die Wirklichkeit. Gegen den Begriff \u2013 Der Sprung aus der Geschichte und seine Geschichte<\/a><\/p>\n<p><strong>11:45 \u201eErbe und Verrat\u201c \u2013 Abschlussdiskussion<\/strong><\/p>\n<p>Bernhard Fetz, <a href=\"http:\/\/www.viennavant.at\/?page_id=2351\">Eva Badura-Triska<\/a>, Hartmut Krones und <a href=\"http:\/\/www.viennavant.at\/?page_id=2353\">Lutz Ellrich<\/a>.<\/p>\n<p>Moderation des Symposiums: <a href=\"http:\/\/derneue.orf.at\/orfstars\/schmidtkunz.html\">Renata Schmidtkunz<\/a><\/p>\n<p>Organisation: Alexander Preisinger, Helga K\u00f6cher<\/p>\n<p><span class=\"image original\"> <img decoding=\"async\" class=\"original\" title=\"\" src=\"http:\/\/www.viennavant.at\/images\/27\/original\/wienkultur.jpg\" alt=\"Wien Kultur\" \/> <\/span> <span class=\"image original\"> <img decoding=\"async\" class=\"original\" title=\"\" src=\"http:\/\/www.viennavant.at\/images\/28\/original\/wienervorlesungen.jpg\" alt=\"Wiener Vorlesungen\" \/> <\/span> <span class=\"image original\"> <img decoding=\"async\" class=\"original\" title=\"\" src=\"http:\/\/www.viennavant.at\/images\/29\/original\/bmwf.jpg\" alt=\"BMWF\" \/> <\/span><\/p>\n","protected":false},"excerpt":{"rendered":"<p>\u201eTeststrecke Kunst. Wiener Avantgarden nach 1945\u201c 21. \u2013 23. Oktober 2009 \u00d6sterreichische Akademie der Wissenschaften, Theatersaal 1010 Wien, Sonnenfelsgasse 19 Mi., 21. Okt. 2009 9:00 Begr\u00fc\u00dfung: Michael R\u00f6ssner Hubert Christian Ehalt Manfred M\u00fcller &nbsp; &nbsp; 9:30 Panelblock \u201eWiener Grund\u201c Siegfried Mattl: Modernismus, Avantgarde und Lokalit\u00e4t. Wien in den Zeiten der M\u00e4\u00dfigung nach 1945 Walter Rohn: &hellip; <a href=\"https:\/\/www.viennavant.at\/en\/symposium-teststrecke-kunst-wiener-avantgarden-nach-1945\/programm-symposium\/\" class=\"more-link\">Continue reading <span class=\"screen-reader-text\">Programm Symposium<\/span><\/a><\/p>\n","protected":false},"author":1,"featured_media":0,"parent":2261,"menu_order":5,"comment_status":"closed","ping_status":"closed","template":"","meta":{"footnotes":""},"class_list":["post-2265","page","type-page","status-publish","hentry"],"translation":{"provider":"WPGlobus","version":"3.0.2","language":"en","enabled_languages":["de","en"],"languages":{"de":{"title":true,"content":true,"excerpt":false},"en":{"title":false,"content":false,"excerpt":false}}},"_links":{"self":[{"href":"https:\/\/www.viennavant.at\/en\/wp-json\/wp\/v2\/pages\/2265","targetHints":{"allow":["GET"]}}],"collection":[{"href":"https:\/\/www.viennavant.at\/en\/wp-json\/wp\/v2\/pages"}],"about":[{"href":"https:\/\/www.viennavant.at\/en\/wp-json\/wp\/v2\/types\/page"}],"author":[{"embeddable":true,"href":"https:\/\/www.viennavant.at\/en\/wp-json\/wp\/v2\/users\/1"}],"replies":[{"embeddable":true,"href":"https:\/\/www.viennavant.at\/en\/wp-json\/wp\/v2\/comments?post=2265"}],"version-history":[{"count":0,"href":"https:\/\/www.viennavant.at\/en\/wp-json\/wp\/v2\/pages\/2265\/revisions"}],"up":[{"embeddable":true,"href":"https:\/\/www.viennavant.at\/en\/wp-json\/wp\/v2\/pages\/2261"}],"wp:attachment":[{"href":"https:\/\/www.viennavant.at\/en\/wp-json\/wp\/v2\/media?parent=2265"}],"curies":[{"name":"wp","href":"https:\/\/api.w.org\/{rel}","templated":true}]}}