{"id":160,"date":"2016-05-20T07:31:58","date_gmt":"2016-05-20T07:31:58","guid":{"rendered":"http:\/\/viennavant.cloud.d2mc.com\/?page_id=160"},"modified":"2016-12-21T11:51:55","modified_gmt":"2016-12-21T11:51:55","slug":"partnerinstitutionen-in-oesterreich","status":"publish","type":"page","link":"https:\/\/www.viennavant.at\/en\/wiener-avantgarden-nach-1945\/avantgarden-in-oesterreich-nach-1945\/partnerinstitutionen-in-oesterreich\/","title":{"rendered":"Partner institutions in Austria"},"content":{"rendered":"<p><a href=\"http:\/\/www.oeaw.ac.at\/ikt\/mission.html\" target=\"_blank\">\u00d6sterreichische Akademie der Wissenschaften \u2013 Institut f\u00fcr Kulturwissenschaft und Theatergeschichte<\/a><\/p>\n<p><a href=\"http:\/\/www.angewandtekunstgeschichte.net\/\" target=\"_blank\">Universit\u00e4t f\u00fcr Angewandte Kunst Wien \u2013 Abteilung Kunstgeschichte<\/a><\/p>\n<p><a href=\"http:\/\/www.mdw.ac.at\/?pageid=147\" target=\"_blank\">Universit\u00e4t f\u00fcr Musik und Darstellende Kunst Wien \u2013 Institut f\u00fcr Musikalische Stilforschung<\/a><\/p>\n<p><a href=\"http:\/\/tfm.univie.ac.at\/\" target=\"_blank\">Universit\u00e4t Wien \u2013 Institut f\u00fcr Theater-, Film- und Medienwissenschaft<\/a><\/p>\n<p><a href=\"http:\/\/germanistik.univie.ac.at\/personen\/rohrwasser-michael\/\" target=\"_blank\">Universit\u00e4t Wien \u2013 Institut f\u00fcr Germanistik<\/a><\/p>\n<p><a href=\"http:\/\/www.onb.ac.at\/sammlungen\/litarchiv.htm\">\u00d6sterreichisches Literaturarchiv<\/a><\/p>\n<p><a href=\"http:\/\/www.uibk.ac.at\/brenner-archiv\/institut\/\" target=\"_blank\">Universit\u00e4t Innsbruck \u2013 Forschungsinstitut Brenner-Archiv<\/a><\/p>\n<p><a href=\"http:\/\/www.soz.univie.ac.at\/home\/\" target=\"_blank\">Universit\u00e4t Wien \u2013 Institut f\u00fcr Soziologie<\/a><\/p>\n<p><a href=\"http:\/\/www.azw.at\/\" target=\"_blank\">Architekturzentrum Wien<\/a><\/p>\n<p><a href=\"http:\/\/www.ifk.ac.at\/about__staff.html#Lethen\" target=\"_blank\"><span class=\"caps\">IFK<\/span> \u2013 Internationales Forschungszentrum f\u00fcr Kulturwissenschaften<\/a><\/p>\n<p><a href=\"http:\/\/www.mica.at\/\">mica \u2013 music information center austria<\/a><\/p>\n<p><a href=\"http:\/\/www.filmmuseum.at\/jart\/prj3\/filmmuseum\/main.jart?rel=de&amp;content-id=1213111912885&amp;reserve-mode=active\" target=\"_blank\">\u00d6sterreichisches Filmmuseum<\/a><\/p>\n<p><a href=\"http:\/\/www.medienwerkstatt-wien.at\/\" target=\"_blank\">Medienwerkstatt Wien<\/a><\/p>\n<p><a href=\"http:\/\/www.mediengarten.at\/\" target=\"_blank\">Institut f\u00fcr systemische Medienforschung GmbH<\/a><\/p>\n","protected":false},"excerpt":{"rendered":"<p>\u00d6sterreichische Akademie der Wissenschaften \u2013 Institut f\u00fcr Kulturwissenschaft und Theatergeschichte Universit\u00e4t f\u00fcr Angewandte Kunst Wien \u2013 Abteilung Kunstgeschichte Universit\u00e4t f\u00fcr Musik und Darstellende Kunst Wien \u2013 Institut f\u00fcr Musikalische Stilforschung Universit\u00e4t Wien \u2013 Institut f\u00fcr Theater-, Film- und Medienwissenschaft Universit\u00e4t Wien \u2013 Institut f\u00fcr Germanistik \u00d6sterreichisches Literaturarchiv Universit\u00e4t Innsbruck \u2013 Forschungsinstitut Brenner-Archiv Universit\u00e4t Wien \u2013 &hellip; <a href=\"https:\/\/www.viennavant.at\/en\/wiener-avantgarden-nach-1945\/avantgarden-in-oesterreich-nach-1945\/partnerinstitutionen-in-oesterreich\/\" class=\"more-link\">Continue reading <span class=\"screen-reader-text\">Partner institutions in Austria<\/span><\/a><\/p>\n","protected":false},"author":1,"featured_media":0,"parent":158,"menu_order":0,"comment_status":"closed","ping_status":"closed","template":"","meta":{"footnotes":""},"class_list":["post-160","page","type-page","status-publish","hentry"],"translation":{"provider":"WPGlobus","version":"3.0.2","language":"en","enabled_languages":["de","en"],"languages":{"de":{"title":true,"content":true,"excerpt":false},"en":{"title":true,"content":true,"excerpt":false}}},"_links":{"self":[{"href":"https:\/\/www.viennavant.at\/en\/wp-json\/wp\/v2\/pages\/160","targetHints":{"allow":["GET"]}}],"collection":[{"href":"https:\/\/www.viennavant.at\/en\/wp-json\/wp\/v2\/pages"}],"about":[{"href":"https:\/\/www.viennavant.at\/en\/wp-json\/wp\/v2\/types\/page"}],"author":[{"embeddable":true,"href":"https:\/\/www.viennavant.at\/en\/wp-json\/wp\/v2\/users\/1"}],"replies":[{"embeddable":true,"href":"https:\/\/www.viennavant.at\/en\/wp-json\/wp\/v2\/comments?post=160"}],"version-history":[{"count":0,"href":"https:\/\/www.viennavant.at\/en\/wp-json\/wp\/v2\/pages\/160\/revisions"}],"up":[{"embeddable":true,"href":"https:\/\/www.viennavant.at\/en\/wp-json\/wp\/v2\/pages\/158"}],"wp:attachment":[{"href":"https:\/\/www.viennavant.at\/en\/wp-json\/wp\/v2\/media?parent=160"}],"curies":[{"name":"wp","href":"https:\/\/api.w.org\/{rel}","templated":true}]}}