{"id":156,"date":"2016-05-20T07:30:16","date_gmt":"2016-05-20T07:30:16","guid":{"rendered":"http:\/\/viennavant.cloud.d2mc.com\/?page_id=156"},"modified":"2016-12-21T13:24:08","modified_gmt":"2016-12-21T13:24:08","slug":"wiener-avantgarden-nach-1945","status":"publish","type":"page","link":"https:\/\/www.viennavant.at\/en\/wiener-avantgarden-nach-1945\/","title":{"rendered":"Viennese Post-1945 Avant-gardes"},"content":{"rendered":"<p>In the time after 1945 Vienna acquired special significance through the push for modernisation in intellectual and artistic terms that originated here. The output of the artists of that period, their activities in the context of the cultural climate of the post-war years and their communication structures are to be made visible in the city\u2019s topography.<\/p>\n<p>Taking stock of these Viennese avant-gardes and presenting the results to the public in suitable forms is an essential part of the preservation of Vienna\u2019s cultural legacy. In addition to this, the uniqueness of this period has considerable potential in terms of defining the identity of Vienna as a city of culture, also in the light of sharpening the city\u2019s profile as a tourism destination: Vienna as the source of a push for modernisation in intellectual and artistic terms, Vienna as a hotbed of creativity.<\/p>\n<h2>Panel Discussions<\/h2>\n<p>viennAvant\u2019s first public project to get started was a series of panel discussions organised by members of the team in collaboration with academic and extramural research institutions and designed to get an interested public involved in the topic.<\/p>\n<p>The first panel discussion with contemporary witnesses took place on 4 April 2006 at the \u00d6sterreichische Gesellschaft f\u00fcr Literatur; architecture was the topic of a panel discussion at the K\u00fcnstlerhaus on 1 December 2006 and another panel on 25 June 2007 dealt with the role played by artists\u2019 associations. This was followed on 5 May 2010 by a panel discussion on \u201cAvantgarden \u2013 Motor f\u00fcr gesellschaftlichen Wandel?\u201d [Avant-gardes \u2013 A motor of societal change?] at the music information center austria mica.<\/p>\n<p><a href=\"http:\/\/www.viennavant.at\/category\/gespraechsreihe\">Details for the Panel Discussions in German<\/a><\/p>\n<p>Panel discussions on arts, film, music and jazz are being planned.<\/p>\n<h2>Symposium \u201cTest-Track Art. Viennese Avant-gardes after 1945\u201d<\/h2>\n<p>A symposium at the Austrian Academy of Science (21\u201323 October 2009) dealt with the theoretical foundations, issues surrounding the definition of the Viennese avant-gardes of the time and the methodological approaches of comparable projects.<\/p>\n<p><a href=\"http:\/\/www.viennavant.at\/symposium-teststrecke-kunst-wiener-avantgarden-nach-1945\/\">See concept and structure of this symposium in detail<\/a><\/p>\n<h2>Research Projects<\/h2>\n<p>The issues raised at the Symposium are being developed into multidisciplinary research projects. A series of publications is being considered as an additional option.<\/p>\n<h2>Exhibition<\/h2>\n<p>An exhibition is going to present objects that are related in terms of time and content under one roof, which will result in the presentation of a vivid picture of the avant-gardes. A catalogue will document the exhibition and make it accessible to a broader public. Media reportage and attention-generating focusing events in connection with the exhibition are expected to add an international dimension.<\/p>\n<p>What we are aiming for is to bring about an enthusiastic recognition of the Viennese avant-gardes 1945\u20131970 as a discrete epoch of the city\u2019s cultural life comparable, if in a different context, to the one triggered by the K\u00fcnstlerhaus exhibition \u201cTraum und Wirklichkeit. Wien 1870 \u20131930\u201d (Historisches Museum der Stadt Wien\/today: Wien Museum, 1985). This is within reach if the necessary concerted effort is made.<\/p>\n","protected":false},"excerpt":{"rendered":"<p>In the time after 1945 Vienna acquired special significance through the push for modernisation in intellectual and artistic terms that originated here. The output of the artists of that period, their activities in the context of the cultural climate of the post-war years and their communication structures are to be made visible in the city\u2019s &hellip; <a href=\"https:\/\/www.viennavant.at\/en\/wiener-avantgarden-nach-1945\/\" class=\"more-link\">Continue reading <span class=\"screen-reader-text\">Viennese Post-1945 Avant-gardes<\/span><\/a><\/p>\n","protected":false},"author":1,"featured_media":0,"parent":0,"menu_order":7,"comment_status":"closed","ping_status":"closed","template":"","meta":{"footnotes":""},"class_list":["post-156","page","type-page","status-publish","hentry"],"translation":{"provider":"WPGlobus","version":"3.0.2","language":"en","enabled_languages":["de","en"],"languages":{"de":{"title":true,"content":true,"excerpt":false},"en":{"title":true,"content":true,"excerpt":false}}},"_links":{"self":[{"href":"https:\/\/www.viennavant.at\/en\/wp-json\/wp\/v2\/pages\/156","targetHints":{"allow":["GET"]}}],"collection":[{"href":"https:\/\/www.viennavant.at\/en\/wp-json\/wp\/v2\/pages"}],"about":[{"href":"https:\/\/www.viennavant.at\/en\/wp-json\/wp\/v2\/types\/page"}],"author":[{"embeddable":true,"href":"https:\/\/www.viennavant.at\/en\/wp-json\/wp\/v2\/users\/1"}],"replies":[{"embeddable":true,"href":"https:\/\/www.viennavant.at\/en\/wp-json\/wp\/v2\/comments?post=156"}],"version-history":[{"count":0,"href":"https:\/\/www.viennavant.at\/en\/wp-json\/wp\/v2\/pages\/156\/revisions"}],"wp:attachment":[{"href":"https:\/\/www.viennavant.at\/en\/wp-json\/wp\/v2\/media?parent=156"}],"curies":[{"name":"wp","href":"https:\/\/api.w.org\/{rel}","templated":true}]}}