{"id":1526,"date":"2016-12-02T16:01:33","date_gmt":"2016-12-02T16:01:33","guid":{"rendered":"http:\/\/viennavant.cloud.d2mc.com\/?page_id=1526"},"modified":"2019-02-25T09:20:05","modified_gmt":"2019-02-25T09:20:05","slug":"impressum","status":"publish","type":"page","link":"https:\/\/www.viennavant.at\/en\/impressum\/","title":{"rendered":"Impressum"},"content":{"rendered":"<h4>Medieninhaber:<\/h4>\n<p>viennAvant \u2013 Verein zur Erforschung der Wiener Avantgarden<br \/>\nOperngasse 20A<br \/>\n1040 Wien<br \/>\n\u00d6sterreich<br \/>\n<span class=\"caps\">ZVR<\/span>-Zahl 206054114<\/p>\n<h4>Kontakt<\/h4>\n<p>Tel: +43 1 586 23 45<br \/>\nmail: <a href=\"mailto:helga.koecher@chello.at\">Helga K\u00f6cher<\/a><\/p>\n<h4>Leitungsorgan im Sinne des Vereinsgesetzes<\/h4>\n<p>PD Dr. Christoph Leitgeb, OEAW, Obmann<br \/>\nDr. Elisabeth Gro\u00dfegger, OEAW, Obmannstellvertreterin<\/p>\n<h4>Vereinszweck gem\u00e4\u00df \u00a7 2 Statuten<\/h4>\n<p>Der Verein, dessen T\u00e4tigkeit nicht auf Gewinn gerichtet ist, bezweckt eine integrative Erfassung, interdisziplin\u00e4re Aufarbeitung und Darstellung der Str\u00f6mungen der Wiener Avantgarden und deren Vernetzungen und Querverbindungen mit den Nachkriegsavantgarden in \u00d6sterreich und dar\u00fcber hinaus des gesamteurop\u00e4ischen Raums sowie der entsprechenden kunst- und kulturwissenschaftlichen Diskurse.<\/p>\n<h4>Haftung<\/h4>\n<p>S\u00e4mtliche Inhalte werden sorgf\u00e4ltig gepr\u00fcft. Dessen ungeachtet kann keine Garantie f\u00fcr Richtigkeit, Vollst\u00e4ndigkeit und Aktualit\u00e4t der Angaben \u00fcbernommen werden.F\u00fcr Inhalte Dritter, auf die mittels direkten oder indirekten Verwiesen (Links) hingewiesen wird, schlie\u00dft der Betreiber jede Haftung aus. Auf die aktuelle und aktuelle und zuk\u00fcnftige Gestaltung, die Inhalte oder die Urheberschaft der verlinkten \/ verkn\u00fcpften Seiten hat der Betreiber keinerlei Einfluss. F\u00fcr illegale fehlerhafte oder unvollst\u00e4ndige Inhalte und insbesondere f\u00fcr Sch\u00e4den, die aus der Nutzung oder Nichtnutzung solcherart dargebotener Information entstehen haftet allein der Anbieter der Seite auf welche verwiesen wurde, nicht derjenige, der \u00fcber Links auf die jeweilige Ver\u00f6ffentlichung lediglich verweist. Haftungsanspr\u00fcche gegen den Betreiber, welche sich auf Sch\u00e4den materieller oder ideeller Art beziehen, die durch die Nutzung oder Nichtnutzung der dargebotenen Information bzw. durch Nutzung fehlerhafter oder unvollst\u00e4ndiger Information verursacht wurden, sind grunds\u00e4tzlich ausgeschlossen.<\/p>\n<h4>Copyright:<\/h4>\n<p>S\u00e4mtliche Texte, Grafiken und Bilder sind urheberrechtlich gesch\u00fctzt; eine Verwendung ist nur mit ausdr\u00fccklicher Genehmigung des Vereins viennAvant zul\u00e4ssig.<\/p>\n","protected":false},"excerpt":{"rendered":"<p>Medieninhaber: viennAvant \u2013 Verein zur Erforschung der Wiener Avantgarden Operngasse 20A 1040 Wien \u00d6sterreich ZVR-Zahl 206054114 Kontakt Tel: +43 1 586 23 45 mail: Helga K\u00f6cher Leitungsorgan im Sinne des Vereinsgesetzes PD Dr. Christoph Leitgeb, OEAW, Obmann Dr. Elisabeth Gro\u00dfegger, OEAW, Obmannstellvertreterin Vereinszweck gem\u00e4\u00df \u00a7 2 Statuten Der Verein, dessen T\u00e4tigkeit nicht auf Gewinn gerichtet &hellip; <a href=\"https:\/\/www.viennavant.at\/en\/impressum\/\" class=\"more-link\">Continue reading <span class=\"screen-reader-text\">Impressum<\/span><\/a><\/p>\n","protected":false},"author":1,"featured_media":0,"parent":0,"menu_order":4,"comment_status":"closed","ping_status":"closed","template":"","meta":{"footnotes":""},"class_list":["post-1526","page","type-page","status-publish","hentry"],"translation":{"provider":"WPGlobus","version":"3.0.2","language":"en","enabled_languages":["de","en"],"languages":{"de":{"title":true,"content":true,"excerpt":false},"en":{"title":false,"content":false,"excerpt":false}}},"_links":{"self":[{"href":"https:\/\/www.viennavant.at\/en\/wp-json\/wp\/v2\/pages\/1526","targetHints":{"allow":["GET"]}}],"collection":[{"href":"https:\/\/www.viennavant.at\/en\/wp-json\/wp\/v2\/pages"}],"about":[{"href":"https:\/\/www.viennavant.at\/en\/wp-json\/wp\/v2\/types\/page"}],"author":[{"embeddable":true,"href":"https:\/\/www.viennavant.at\/en\/wp-json\/wp\/v2\/users\/1"}],"replies":[{"embeddable":true,"href":"https:\/\/www.viennavant.at\/en\/wp-json\/wp\/v2\/comments?post=1526"}],"version-history":[{"count":3,"href":"https:\/\/www.viennavant.at\/en\/wp-json\/wp\/v2\/pages\/1526\/revisions"}],"predecessor-version":[{"id":4242,"href":"https:\/\/www.viennavant.at\/en\/wp-json\/wp\/v2\/pages\/1526\/revisions\/4242"}],"wp:attachment":[{"href":"https:\/\/www.viennavant.at\/en\/wp-json\/wp\/v2\/media?parent=1526"}],"curies":[{"name":"wp","href":"https:\/\/api.w.org\/{rel}","templated":true}]}}